{"id":1762,"date":"2024-05-10T13:37:32","date_gmt":"2024-05-10T13:37:32","guid":{"rendered":"https:\/\/nicolaumacedo.pt\/portfolio\/railway-line-underground-parking\/"},"modified":"2025-01-30T22:11:25","modified_gmt":"2025-01-30T22:11:25","slug":"railway-line-underground-parking","status":"publish","type":"page","link":"https:\/\/nicolaumacedo.pt\/en\/portfolio\/railway-line-underground-parking\/","title":{"rendered":"Railway Line Underground Parking"},"content":{"rendered":"<p>[et_pb_section fb_built=&#8221;1&#8243; fullwidth=&#8221;on&#8221; _builder_version=&#8221;4.25.0&#8243; _module_preset=&#8221;default&#8221; global_colors_info=&#8221;{}&#8221;][et_pb_fullwidth_slider _builder_version=&#8221;4.25.1&#8243; _module_preset=&#8221;default&#8221; global_colors_info=&#8221;{}&#8221;][et_pb_slide heading=&#8221;Railway Line Underground Parking&#8221; use_bg_overlay=&#8221;on&#8221; bg_overlay_color=&#8221;rgba(0,0,0,0.1)&#8221; _builder_version=&#8221;4.25.1&#8243; _module_preset=&#8221;default&#8221; header_font=&#8221;|700|||||||&#8221; background_enable_color=&#8221;off&#8221; background_image=&#8221;https:\/\/nicolaumacedo.pt\/wp-content\/uploads\/2024\/05\/Canal-Ferroviario-Estacionamento-Subterraneo-07.jpg&#8221; background_enable_image=&#8221;on&#8221; global_colors_info=&#8221;{}&#8221; sticky_transition=&#8221;on&#8221;][\/et_pb_slide][\/et_pb_fullwidth_slider][\/et_pb_section][et_pb_section fb_built=&#8221;1&#8243; _builder_version=&#8221;4.25.1&#8243; _module_preset=&#8221;default&#8221; background_color=&#8221;#f1f3f5&#8243; global_colors_info=&#8221;{}&#8221;][et_pb_row column_structure=&#8221;3_4,1_4&#8243; _builder_version=&#8221;4.25.0&#8243; _module_preset=&#8221;default&#8221; max_width=&#8221;50%&#8221; max_width_tablet=&#8221;50%&#8221; max_width_phone=&#8221;80%&#8221; max_width_last_edited=&#8221;on|phone&#8221; custom_padding=&#8221;0px||0px||false|false&#8221; global_colors_info=&#8221;{}&#8221;][et_pb_column type=&#8221;3_4&#8243; _builder_version=&#8221;4.25.0&#8243; _module_preset=&#8221;default&#8221; global_colors_info=&#8221;{}&#8221;][et_pb_gallery gallery_ids=&#8221;759,756,753,750,747,744,741&#8243; posts_number=&#8221;9&#8243; show_title_and_caption=&#8221;off&#8221; show_pagination=&#8221;off&#8221; zoom_icon_color=&#8221;#fc9d0d&#8221; hover_overlay_color=&#8221;rgba(0,0,0,0.3)&#8221; hover_icon=&#8221;0||divi||400&#8243; _builder_version=&#8221;4.27.3&#8243; _module_preset=&#8221;default&#8221; hover_enabled=&#8221;0&#8243; db_images_per_row=&#8221;3&#8243; db_images_per_row_tablet=&#8221;3&#8243; db_images_per_row_phone=&#8221;1&#8243; db_image_max_width=&#8221;95%&#8221; db_image_row_spacing=&#8221;2%&#8221; dbdb_version=&#8221;4.6.2&#8243; global_colors_info=&#8221;{}&#8221; db_images_per_row_last_edited=&#8221;on|phone&#8221; sticky_enabled=&#8221;0&#8243;][\/et_pb_gallery][\/et_pb_column][et_pb_column type=&#8221;1_4&#8243; _builder_version=&#8221;4.25.0&#8243; _module_preset=&#8221;default&#8221; global_colors_info=&#8221;{}&#8221;][et_pb_text _builder_version=&#8221;4.25.0&#8243; _module_preset=&#8221;default&#8221; text_font_size=&#8221;20px&#8221; header_font=&#8221;|700|||||||&#8221; header_text_align=&#8221;left&#8221; header_font_size=&#8221;25px&#8221; header_line_height=&#8221;1.3em&#8221; header_2_font=&#8221;|600|||||||&#8221; header_2_font_size=&#8221;20px&#8221; global_colors_info=&#8221;{}&#8221;]<\/p>\n<h2>Owner:<\/h2>\n<p>Espinho City Council<\/p>\n<h2>Date:<\/h2>\n<p>2022<\/p>\n<p>[\/et_pb_text][\/et_pb_column][\/et_pb_row][et_pb_row custom_padding_last_edited=&#8221;on|phone&#8221; _builder_version=&#8221;4.25.0&#8243; _module_preset=&#8221;default&#8221; max_width=&#8221;50%&#8221; max_width_tablet=&#8221;50%&#8221; max_width_phone=&#8221;80%&#8221; max_width_last_edited=&#8221;on|phone&#8221; custom_padding=&#8221;0px||||false|false&#8221; custom_padding_tablet=&#8221;0px||||false|false&#8221; custom_padding_phone=&#8221;40px||||false|false&#8221; global_colors_info=&#8221;{}&#8221;][et_pb_column type=&#8221;4_4&#8243; _builder_version=&#8221;4.25.0&#8243; _module_preset=&#8221;default&#8221; global_colors_info=&#8221;{}&#8221;][et_pb_text _builder_version=&#8221;4.25.0&#8243; _module_preset=&#8221;default&#8221; header_font=&#8221;|||on|||||&#8221; global_colors_info=&#8221;{}&#8221;]<\/p>\n<h1>Related Projects<\/h1>\n<p>[\/et_pb_text][\/et_pb_column][\/et_pb_row][et_pb_row _builder_version=&#8221;4.25.1&#8243; _module_preset=&#8221;default&#8221; global_colors_info=&#8221;{}&#8221;][et_pb_column type=&#8221;4_4&#8243; _builder_version=&#8221;4.25.1&#8243; _module_preset=&#8221;default&#8221; global_colors_info=&#8221;{}&#8221;][dipi_carousel columns=&#8221;3&#8243; container_padding=&#8221;||30px||false|true&#8221; effect=&#8221;coverflow&#8221; loop_wide=&#8221;on&#8221; autoplay_wide=&#8221;on&#8221; continues_wide=&#8221;off&#8221; pause_on_hover_wide=&#8221;off&#8221; autoplay_speed_wide=&#8221;3001&#8243; loop_small=&#8221;on&#8221; autoplay_small=&#8221;on&#8221; continues_small=&#8221;off&#8221; pause_on_hover_small=&#8221;on&#8221; show_lightbox=&#8221;off&#8221; navigation=&#8221;on&#8221; centered=&#8221;on&#8221; use_thumbnail_height=&#8221;on&#8221; thumbnail_height=&#8221;250px&#8221; navigation_color=&#8221;#fc9d0d&#8221; pagination_color=&#8221;#E02B20&#8243; pagination_active_color=&#8221;#EDF000&#8243; columns_tablet=&#8221;3&#8243; columns_phone=&#8221;1&#8243; columns_last_edited=&#8221;on|phone&#8221; container_padding_last_edited=&#8221;off|phone&#8221; _builder_version=&#8221;4.27.3&#8243; _module_preset=&#8221;default&#8221; title_text_color=&#8221;#333333&#8243; background_enable_color=&#8221;off&#8221; module_alignment=&#8221;center&#8221; custom_margin=&#8221;||||false|false&#8221; custom_padding=&#8221;||||false|false&#8221; global_colors_info=&#8221;{}&#8221; theme_builder_area=&#8221;post_content&#8221;][dipi_carousel_child label=&#8221;Espac\u0327os Pu\u0301blicos da A\u0301rea Central Vila Nova de Famalica\u0303o&#8221; img_src=&#8221;https:\/\/nicolaumacedo.pt\/wp-content\/uploads\/2024\/04\/DSC_0895-scaled.jpg&#8221; img_alt=&#8221;Public Spaces of the Central Area of Vila Nova de Famalic\u00e3o&#8221; title_text=&#8221;Public Spaces of the Central Area of Vila Nova de Famalic\u00e3o&#8221; _builder_version=&#8221;4.27.3&#8243; _dynamic_attributes=&#8221;link_option_url&#8221; _module_preset=&#8221;default&#8221; title_font=&#8221;|600|||||||&#8221; title_text_color=&#8221;#000000&#8243; title_font_size=&#8221;16px&#8221; custom_margin=&#8221;||||false|false&#8221; custom_padding=&#8221;||||false|false&#8221; link_option_url=&#8221;@ET-DC@eyJkeW5hbWljIjp0cnVlLCJjb250ZW50IjoicG9zdF9saW5rX3VybF9wYWdlIiwic2V0dGluZ3MiOnsicG9zdF9pZCI6IjM3NiJ9fQ==@&#8221; border_width_all_img=&#8221;0px&#8221; box_shadow_style=&#8221;preset1&#8243; global_colors_info=&#8221;{}&#8221; theme_builder_area=&#8221;post_content&#8221;][\/dipi_carousel_child][dipi_carousel_child label=&#8221;Igreja Matriz Margaride&#8221; img_src=&#8221;https:\/\/nicolaumacedo.pt\/wp-content\/uploads\/2024\/04\/Igreja_Margaride-scaled.jpg&#8221; img_alt=&#8221;Margaride Main Church&#8221; title_text=&#8221;Margaride Main Church&#8221; _builder_version=&#8221;4.25.1&#8243; _dynamic_attributes=&#8221;link_option_url&#8221; _module_preset=&#8221;default&#8221; title_font=&#8221;|600|||||||&#8221; title_text_color=&#8221;#000000&#8243; title_font_size=&#8221;16px&#8221; link_option_url=&#8221;@ET-DC@eyJkeW5hbWljIjp0cnVlLCJjb250ZW50IjoicG9zdF9saW5rX3VybF9wYWdlIiwic2V0dGluZ3MiOnsicG9zdF9pZCI6IjUzMiJ9fQ==@&#8221; box_shadow_style=&#8221;preset1&#8243; global_colors_info=&#8221;{}&#8221; theme_builder_area=&#8221;post_content&#8221;][\/dipi_carousel_child][dipi_carousel_child label=&#8221;Campo S\u00e3o Jos\u00e9&#8221; img_src=&#8221;https:\/\/nicolaumacedo.pt\/wp-content\/uploads\/2024\/05\/Campo_Sao_Jose_4.jpg&#8221; img_alt=&#8221;S\u00e3o Jos\u00e9 Ground&#8221; title_text=&#8221;S\u00e3o Jos\u00e9 Ground&#8221; _builder_version=&#8221;4.25.1&#8243; _dynamic_attributes=&#8221;link_option_url&#8221; _module_preset=&#8221;default&#8221; title_font=&#8221;|600|||||||&#8221; title_text_color=&#8221;#000000&#8243; title_font_size=&#8221;16px&#8221; link_option_url=&#8221;@ET-DC@eyJkeW5hbWljIjp0cnVlLCJjb250ZW50IjoicG9zdF9saW5rX3VybF9wYWdlIiwic2V0dGluZ3MiOnsicG9zdF9pZCI6IjU2NyJ9fQ==@&#8221; box_shadow_style=&#8221;preset1&#8243; global_colors_info=&#8221;{}&#8221; theme_builder_area=&#8221;post_content&#8221;][\/dipi_carousel_child][dipi_carousel_child label=&#8221;Hospital de Campanh\u00e3&#8221; img_src=&#8221;https:\/\/nicolaumacedo.pt\/wp-content\/uploads\/2024\/04\/Hospital_Campanha-scaled.jpg&#8221; img_alt=&#8221;Campanh\u00e3 Hospital&#8221; title_text=&#8221;Campanh\u00e3 Hospital&#8221; _builder_version=&#8221;4.25.1&#8243; _dynamic_attributes=&#8221;link_option_url&#8221; _module_preset=&#8221;default&#8221; title_font=&#8221;|600|||||||&#8221; title_text_color=&#8221;#000000&#8243; title_font_size=&#8221;16px&#8221; link_option_url=&#8221;@ET-DC@eyJkeW5hbWljIjp0cnVlLCJjb250ZW50IjoicG9zdF9saW5rX3VybF9wYWdlIiwic2V0dGluZ3MiOnsicG9zdF9pZCI6IjU4NyJ9fQ==@&#8221; box_shadow_style=&#8221;preset1&#8243; global_colors_info=&#8221;{}&#8221; theme_builder_area=&#8221;post_content&#8221;][\/dipi_carousel_child][dipi_carousel_child label=&#8221;Hotel Vila Gal\u00e9&#8221; img_src=&#8221;https:\/\/nicolaumacedo.pt\/wp-content\/uploads\/2024\/05\/vg_portoribeira_pateointerior_2.jpg&#8221; img_alt=&#8221;Vila Gal\u00e9 Hotel&#8221; title_text=&#8221;Vila Gal\u00e9 Hotel&#8221; _builder_version=&#8221;4.25.1&#8243; _dynamic_attributes=&#8221;link_option_url&#8221; _module_preset=&#8221;default&#8221; title_font=&#8221;|600|||||||&#8221; title_text_color=&#8221;#000000&#8243; title_font_size=&#8221;16px&#8221; link_option_url=&#8221;@ET-DC@eyJkeW5hbWljIjp0cnVlLCJjb250ZW50IjoicG9zdF9saW5rX3VybF9wYWdlIiwic2V0dGluZ3MiOnsicG9zdF9pZCI6IjY5MyJ9fQ==@&#8221; box_shadow_style=&#8221;preset1&#8243; global_colors_info=&#8221;{}&#8221; theme_builder_area=&#8221;post_content&#8221;][\/dipi_carousel_child][dipi_carousel_child label=&#8221;Avenida Central&#8221; img_src=&#8221;https:\/\/nicolaumacedo.pt\/wp-content\/uploads\/2024\/05\/braga-10-avenida-central.jpg&#8221; img_alt=&#8221;Central Avenue&#8221; title_text=&#8221;Central Avenue&#8221; _builder_version=&#8221;4.25.1&#8243; _dynamic_attributes=&#8221;link_option_url&#8221; _module_preset=&#8221;default&#8221; title_font=&#8221;|600|||||||&#8221; title_text_color=&#8221;#000000&#8243; title_font_size=&#8221;16px&#8221; link_option_url=&#8221;@ET-DC@eyJkeW5hbWljIjp0cnVlLCJjb250ZW50IjoicG9zdF9saW5rX3VybF9wYWdlIiwic2V0dGluZ3MiOnsicG9zdF9pZCI6IjcwNyJ9fQ==@&#8221; box_shadow_style=&#8221;preset1&#8243; global_colors_info=&#8221;{}&#8221; theme_builder_area=&#8221;post_content&#8221;][\/dipi_carousel_child][dipi_carousel_child label=&#8221;Altice F\u00f3rum Braga&#8221; img_src=&#8221;https:\/\/nicolaumacedo.pt\/wp-content\/uploads\/2024\/05\/altice_forum_braga.jpg&#8221; img_alt=&#8221;Forum Braga&#8221; title_text=&#8221;Forum Braga&#8221; _builder_version=&#8221;4.25.1&#8243; _dynamic_attributes=&#8221;link_option_url&#8221; _module_preset=&#8221;default&#8221; title_font=&#8221;|600|||||||&#8221; title_text_color=&#8221;#000000&#8243; title_font_size=&#8221;16px&#8221; link_option_url=&#8221;@ET-DC@eyJkeW5hbWljIjp0cnVlLCJjb250ZW50IjoicG9zdF9saW5rX3VybF9wYWdlIiwic2V0dGluZ3MiOnsicG9zdF9pZCI6IjcyMiJ9fQ==@&#8221; box_shadow_style=&#8221;preset1&#8243; global_colors_info=&#8221;{}&#8221; theme_builder_area=&#8221;post_content&#8221;][\/dipi_carousel_child][dipi_carousel_child label=&#8221;Canal Ferrovia\u0301rio de Estacionamento Subterra\u0302neo&#8221; img_src=&#8221;https:\/\/nicolaumacedo.pt\/wp-content\/uploads\/2024\/05\/Canal-Ferroviario-Estacionamento-Subterraneo-07.jpg&#8221; img_alt=&#8221;Railway Line Underground Parking&#8221; title_text=&#8221;Railway Line Underground Parking&#8221; _builder_version=&#8221;4.25.1&#8243; _dynamic_attributes=&#8221;link_option_url&#8221; _module_preset=&#8221;default&#8221; title_font=&#8221;|600|||||||&#8221; title_text_color=&#8221;#000000&#8243; title_font_size=&#8221;16px&#8221; link_option_url=&#8221;@ET-DC@eyJkeW5hbWljIjp0cnVlLCJjb250ZW50IjoicG9zdF9saW5rX3VybF9wYWdlIiwic2V0dGluZ3MiOnsicG9zdF9pZCI6IjczNyJ9fQ==@&#8221; box_shadow_style=&#8221;preset1&#8243; global_colors_info=&#8221;{}&#8221; theme_builder_area=&#8221;post_content&#8221;][\/dipi_carousel_child][dipi_carousel_child label=&#8221;Edifi\u0301cio de Habitac\u0327a\u0303o Quinta da Granja&#8221; img_src=&#8221;https:\/\/nicolaumacedo.pt\/wp-content\/uploads\/2024\/05\/Edificio-de-Habitacao-Quinta-da-Granja-02.jpg&#8221; img_alt=&#8221;Quinta da Granja Residential Building&#8221; title_text=&#8221;Quinta da Granja Residential Building&#8221; _builder_version=&#8221;4.25.1&#8243; _dynamic_attributes=&#8221;link_option_url&#8221; _module_preset=&#8221;default&#8221; title_font=&#8221;|600|||||||&#8221; title_text_color=&#8221;#000000&#8243; title_font_size=&#8221;16px&#8221; link_option_url=&#8221;@ET-DC@eyJkeW5hbWljIjp0cnVlLCJjb250ZW50IjoicG9zdF9saW5rX3VybF9wYWdlIiwic2V0dGluZ3MiOnsicG9zdF9pZCI6Ijc2MyJ9fQ==@&#8221; box_shadow_style=&#8221;preset1&#8243; global_colors_info=&#8221;{}&#8221; theme_builder_area=&#8221;post_content&#8221;][\/dipi_carousel_child][dipi_carousel_child label=&#8221;Cidade Desportiva do S.C. Braga&#8221; img_src=&#8221;https:\/\/nicolaumacedo.pt\/wp-content\/uploads\/2024\/06\/Cidade-Desportiva-S.C-Braga_4.jpg&#8221; img_alt=&#8221;S.C. Braga Sports City&#8221; title_text=&#8221;S.C. Braga Sports City&#8221; _builder_version=&#8221;4.25.1&#8243; _dynamic_attributes=&#8221;link_option_url&#8221; _module_preset=&#8221;default&#8221; title_font=&#8221;|600|||||||&#8221; title_text_color=&#8221;#000000&#8243; title_font_size=&#8221;16px&#8221; link_option_url=&#8221;@ET-DC@eyJkeW5hbWljIjp0cnVlLCJjb250ZW50IjoicG9zdF9saW5rX3VybF9wYWdlIiwic2V0dGluZ3MiOnsicG9zdF9pZCI6Ijc4NSJ9fQ==@&#8221; box_shadow_style=&#8221;preset1&#8243; global_colors_info=&#8221;{}&#8221; theme_builder_area=&#8221;post_content&#8221;][\/dipi_carousel_child][dipi_carousel_child label=&#8221;Pedreira Nicolau de Macedo&#8221; img_src=&#8221;https:\/\/nicolaumacedo.pt\/wp-content\/uploads\/2024\/04\/Historia-Pedreira-Nicolau-de-Macedo.jpg&#8221; img_alt=&#8221;Nicolau de Macedo Quarry&#8221; title_text=&#8221;Nicolau de Macedo Quarry History&#8221; _builder_version=&#8221;4.25.1&#8243; _dynamic_attributes=&#8221;link_option_url&#8221; _module_preset=&#8221;default&#8221; title_font=&#8221;|600|||||||&#8221; title_text_color=&#8221;#000000&#8243; title_font_size=&#8221;16px&#8221; link_option_url=&#8221;@ET-DC@eyJkeW5hbWljIjp0cnVlLCJjb250ZW50IjoicG9zdF9saW5rX3VybF9wYWdlIiwic2V0dGluZ3MiOnsicG9zdF9pZCI6Ijc5MSJ9fQ==@&#8221; box_shadow_style=&#8221;preset1&#8243; global_colors_info=&#8221;{}&#8221; theme_builder_area=&#8221;post_content&#8221;][\/dipi_carousel_child][dipi_carousel_child label=&#8221;Mercado Municipal de Braga&#8221; img_src=&#8221;https:\/\/nicolaumacedo.pt\/wp-content\/uploads\/2024\/05\/Mercado-municipal-de-Braga.jpg&#8221; img_alt=&#8221;Braga Municipal Market&#8221; title_text=&#8221;Braga Municipal Market&#8221; _builder_version=&#8221;4.25.1&#8243; _dynamic_attributes=&#8221;link_option_url&#8221; _module_preset=&#8221;default&#8221; title_font=&#8221;|600|||||||&#8221; title_text_color=&#8221;#000000&#8243; title_font_size=&#8221;16px&#8221; link_option_url=&#8221;@ET-DC@eyJkeW5hbWljIjp0cnVlLCJjb250ZW50IjoicG9zdF9saW5rX3VybF9wYWdlIiwic2V0dGluZ3MiOnsicG9zdF9pZCI6Ijg3NSJ9fQ==@&#8221; box_shadow_style=&#8221;preset1&#8243; global_colors_info=&#8221;{}&#8221; theme_builder_area=&#8221;post_content&#8221;][\/dipi_carousel_child][\/dipi_carousel][\/et_pb_column][\/et_pb_row][\/et_pb_section]<\/p>\n","protected":false},"excerpt":{"rendered":"<p>Owner: Espinho City Council Date: 2022Related Projects<div class=\"et_pb_module dipi_carousel dipi_carousel_0\">\n\t\t\t\t\n\t\t\t\t\n\t\t\t\t\n\t\t\t\t\n\t\t\t\t\n\t\t\t\t\n\t\t\t\t<div class=\"et_pb_module_inner\">\n\t\t\t\t\t\n            <div class=\"dipi-carousel-main dipi_loading hide_lightbox hide_lightbox_tablet hide_lightbox_phone\" data-columnsdesktop='3' data-columnstablet='3' data-columnsphone='1' data-spacebetween='30' data-spacebetween_tablet='30' data-spacebetween_phone='30' data-speed='500|500|500' data-navigation='on' data-navigation_t='on' data-navigation_m='on' data-pagination='off' data-pagination_t='off' data-pagination_m='off' data-autoplay_settigns='{\"loop_wide\":\"on\",\"autoplay_wide\":\"on\",\"continues_wide\":\"off\",\"autoplay_reverse_wide\":\"off\",\"pause_on_hover_wide\":\"off\",\"autoplay_speed_wide\":\"3001\",\"loop_mid\":\"off\",\"autoplay_mid\":\"off\",\"continues_mid\":\"off\",\"autoplay_reverse_mid\":\"off\",\"pause_on_hover_mid\":\"off\",\"autoplay_speed_mid\":\"5000\",\"loop_small\":\"on\",\"autoplay_small\":\"on\",\"continues_small\":\"off\",\"autoplay_reverse_small\":\"off\",\"pause_on_hover_small\":\"on\",\"autoplay_speed_small\":\"5000\"}' data-effect='coverflow' data-rotate='50' data-dynamicbullets='on' data-ordernumber='0' data-centered='on' data-allow_touch_move='on' data-allow_touch_move_t='on' data-allow_touch_move_p='on' data-shadow='on' data-continues='off' style=\"display:none;\">\n                <div class=\"swiper-container\">\n                    <div class=\"dipi-carousel-wrapper\">\n                        \n                    <\/div>\n                <\/div>\n                <div class=\"swiper-button-next swiper-arrow-button dipi-sbn0 \" data-icon=\"9\"><\/div>\n                <div class=\"swiper-button-prev swiper-arrow-button dipi-sbp0 \" data-icon=\"8\"><\/div>\n                \n                <div class=\"swiper-container-horizontal\">\n                    <div class=\"swiper-pagination dipi-sp0\"><\/div>\n                <\/div>\n            <\/div>\n\t\t\t\t<\/div>\n\t\t\t<\/div><div class=\"et_pb_module dipi_carousel_child dipi_carousel_child_0\">\n\t\t\t\t\n\t\t\t\t\n\t\t\t\t\n\t\t\t\t\n\t\t\t\t\n\t\t\t\t\n\t\t\t\t<div class=\"et_pb_module_inner\">\n\t\t\t\t\t\n            <div class=\"dipi-carousel-child-wrapper\">\n                \n                <div class=\"dipi-image-wrap\"><span class=\"dipi-carousel-image  \"   >\n                        <img decoding=\"async\" src=\"&#8221;https:\/\/nicolaumacedo.pt\/wp-content\/uploads\/2024\/04\/DSC_0895-scaled.jpg&#8221;\" alt=\"&#8221;Public\" class=\" dipi-c-img\" \/>\n                        \n                    <\/span><\/div>\n                \n                \n                    \n                    \n                    \n                    \n                    \n                \n            <\/div>\n\t\t\t\t<\/div>\n\t\t\t<\/div><\/p>\n","protected":false},"author":1,"featured_media":0,"parent":1744,"menu_order":0,"comment_status":"closed","ping_status":"closed","template":"","meta":{"_et_pb_use_builder":"on","_et_pb_old_content":"","_et_gb_content_width":"","footnotes":""},"dipi_cpt_category":[],"class_list":["post-1762","page","type-page","status-publish","hentry"],"_links":{"self":[{"href":"https:\/\/nicolaumacedo.pt\/en\/wp-json\/wp\/v2\/pages\/1762","targetHints":{"allow":["GET"]}}],"collection":[{"href":"https:\/\/nicolaumacedo.pt\/en\/wp-json\/wp\/v2\/pages"}],"about":[{"href":"https:\/\/nicolaumacedo.pt\/en\/wp-json\/wp\/v2\/types\/page"}],"author":[{"embeddable":true,"href":"https:\/\/nicolaumacedo.pt\/en\/wp-json\/wp\/v2\/users\/1"}],"replies":[{"embeddable":true,"href":"https:\/\/nicolaumacedo.pt\/en\/wp-json\/wp\/v2\/comments?post=1762"}],"version-history":[{"count":4,"href":"https:\/\/nicolaumacedo.pt\/en\/wp-json\/wp\/v2\/pages\/1762\/revisions"}],"predecessor-version":[{"id":1864,"href":"https:\/\/nicolaumacedo.pt\/en\/wp-json\/wp\/v2\/pages\/1762\/revisions\/1864"}],"up":[{"embeddable":true,"href":"https:\/\/nicolaumacedo.pt\/en\/wp-json\/wp\/v2\/pages\/1744"}],"wp:attachment":[{"href":"https:\/\/nicolaumacedo.pt\/en\/wp-json\/wp\/v2\/media?parent=1762"}],"wp:term":[{"taxonomy":"dipi_cpt_category","embeddable":true,"href":"https:\/\/nicolaumacedo.pt\/en\/wp-json\/wp\/v2\/dipi_cpt_category?post=1762"}],"curies":[{"name":"wp","href":"https:\/\/api.w.org\/{rel}","templated":true}]}}